{"id":1829,"date":"2023-12-13T13:51:50","date_gmt":"2023-12-13T12:51:50","guid":{"rendered":"https:\/\/eyrapflege.de\/?page_id=1829"},"modified":"2024-01-11T09:18:49","modified_gmt":"2024-01-11T08:18:49","slug":"karriere","status":"publish","type":"page","link":"https:\/\/eyrapflege.de\/?page_id=1829","title":{"rendered":"Karriere"},"content":{"rendered":"<section class=\"wpb-content-wrapper\"><p>[vc_row full_width=&#8220;stretch_row&#8220; inverse=&#8220;&#8220; css=&#8220;.vc_custom_1702473135843{margin-bottom: 3.9rem !important;padding-top: 3.9rem !important;background-image: url(https:\/\/eyrapflege.de\/wp-content\/uploads\/2023\/12\/eyra-team-scaled.jpg?id=1831) !important;background-position: center !important;background-repeat: no-repeat !important;background-size: cover !important;}&#8220;][vc_column]<div id=\"sc_call_to_action_476503864\" class=\"sc_call_to_action sc_call_to_action_inverse sc_call_to_action_style_2 sc_call_to_action_align_left\" style=\"width:100%;\"><div class=\"columns_wrap\"><div class=\"sc_call_to_action_info column-3_4\"><h2 class=\"sc_call_to_action_title sc_item_title\">Werden Sie Teil unseres Teams!<\/h2><\/div><\/div><\/div>[\/vc_column][\/vc_row][vc_row][vc_column][vc_column_text]<\/p>\n<p style=\"text-align: left;\"><strong>Wir sind ein erfahrenes Team <\/strong>von rund 40 Mitarbeitern und bieten vielf\u00e4ltige ambulante Pflegedienstleistungen, Krankenfahrten und zuk\u00fcnftig auch Physiotherapie f\u00fcr unsere Klienten an. Der Einsatzbereich bel\u00e4uft sich auf den Raum Wriezen, Bad Freienwalde und dem Oderbruch. In unserem famili\u00e4ren Unternehmen sch\u00e4tzen wir den Beitrag eines jeden Einzelnen. Wir legen gro\u00dfen Wert auf individuelle Entwicklungsm\u00f6glichkeiten und unterst\u00fctzen unsere Mitarbeiter aktiv durch Weiterbildungen, um gemeinsam zu wachsen und erfolgreich zu sein.<\/p>\n<p>[\/vc_column_text][\/vc_column][\/vc_row][vc_row][vc_column][vc_tta_accordion active_section=&#8220;&#8220; collapsible_all=&#8220;true&#8220;][vc_tta_section title=&#8220;Pflegefachkraft (m\/w\/d)&#8220; tab_id=&#8220;1702473679975-837b5c78-c129&#8243;][vc_column_text css_animation=&#8220;top-to-bottom&#8220;]<\/p>\n<div class=\"jd-section-employer\">\n<div class=\"jd-description-text\">\n<p><strong><i>Machen Sie mit uns den n\u00e4chsten Schritt in Ihrer Pflegekarriere!<\/i><\/strong><\/p>\n<div class=\"jd-section-job-type\">\n<p class=\"jd-description-text\">Art der Stelle: Teilzeit<\/p>\n<\/div>\n<div class=\"jd-section-job-salary\">\n<p class=\"jd-description-text\">Gehalt: 2.925,00\u20ac &#8211; 3.600,00\u20ac pro Monat<\/p>\n<\/div>\n<div class=\"jd-section-job-salary\">\n<p class=\"jd-description-text\">Arbeitsstunden: 30 pro Woche<\/p>\n<p>&nbsp;<\/p>\n<p class=\"jd-description-text\"><b>Ihre Aufgaben:<\/b><\/p>\n<\/div>\n<ul>\n<li>Durchf\u00fchrung von Grundpflege und Behandlungspflege<\/li>\n<li>Unterst\u00fctzung bei der Planung und Dokumentation von Pflegema\u00dfnahmen<\/li>\n<li>Einf\u00fchlsame Betreuung und Unterst\u00fctzung unserer Klienten<\/li>\n<li>Aktive Mitgestaltung der Pflegeprozesse und kontinuierliche Verbesserung<\/li>\n<\/ul>\n<p><b>Was wir bieten:<\/b><\/p>\n<ul>\n<li>\u00dcberdurchschnittliche Bezahlung und attraktive Arbeitsbedingungen<\/li>\n<li>26-30 Urlaubstage f\u00fcr Ihre Erholung und Work-Life-Balance<\/li>\n<li>M\u00f6glichkeit zur beruflichen Weiterentwicklung und Fortbildung<\/li>\n<li>Ein offenes und herzliches Team, das Ihre Expertise sch\u00e4tzt<\/li>\n<li>Spannende und vielf\u00e4ltige Aufgaben im Bereich der Pflege<\/li>\n<li>Gesundheitsma\u00dfnahmen zur F\u00f6rderung ihres Wohlbefindens<\/li>\n<\/ul>\n<p><b>Ihr Profil:<\/b><\/p>\n<ul>\n<li>Abgeschlossene Ausbildung als Pflegefachkraft oder Pflegehelfer\/in<\/li>\n<li>Einf\u00fchlsame und respektvolle Pers\u00f6nlichkeit<\/li>\n<li>Teamgeist und Zuverl\u00e4ssigkeit<\/li>\n<li>Engagement f\u00fcr eine hochwertige Klientenbetreuung<\/li>\n<li>Offenheit f\u00fcr neue Herausforderungen und Lernbereitschaft<\/li>\n<li>F\u00fchrerschein Klasse B<\/li>\n<\/ul>\n<p><b>Bewerben Sie sich jetzt:<\/b>\u00a0Wenn Sie bereit sind, unser engagiertes Team zu verst\u00e4rken und Teil einer herzlichen Gemeinschaft zu werden, freuen wir uns auf Ihre Bewerbung. Nutzen Sie die Gelegenheit, Ihre Pflegeexpertise in einem wertsch\u00e4tzenden Umfeld einzubringen und weiterzuentwickeln. Senden Sie Ihre Bewerbungsunterlagen an info@eyrapflege.de.<\/p>\n<p><i>Hinweis: Aus Gr\u00fcnden der besseren Lesbarkeit wurde auf die gleichzeitige Verwendung m\u00e4nnlicher und weiblicher Sprachformen verzichtet. S\u00e4mtliche Personenbezeichnungen gelten gleicherma\u00dfen f\u00fcr alle Geschlechter.<\/i><\/p>\n<\/div>\n<\/div>\n<p>[\/vc_column_text][\/vc_tta_section][\/vc_tta_accordion][\/vc_column][\/vc_row][vc_row][vc_column][vc_tta_accordion active_section=&#8220;&#8220; collapsible_all=&#8220;true&#8220;][vc_tta_section title=&#8220;Physiotherapeut (m\/w\/d)&#8220; tab_id=&#8220;1704886887278-5f99572f-db95&#8243;][vc_column_text css_animation=&#8220;top-to-bottom&#8220;]<\/p>\n<div class=\"jd-section-employer\">\n<div class=\"jd-description-text\">\n<p>Wir erweitern unser Team um einen engagierten Physiotherapeuten f\u00fcr unsere neue Praxis, die im Januar er\u00f6ffnet wird. Der Einsatzort erstreckt sich \u00fcber Neutrebbin, Wriezen, Bad Freienwalde und dem Oderbruch.<\/p>\n<p><strong>Deine Aufgaben:<\/strong><\/p>\n<ul>\n<li>Individuelle physiotherapeutische Betreuung unserer Klienten vor Ort und in unserer Praxis.<\/li>\n<li>Selbstst\u00e4ndige Planung und Durchf\u00fchrung von Therapieeinheiten.<\/li>\n<li>Strukturierung und Organisation der Physiotherapiepraxis.<\/li>\n<li>Stetige fachliche Weiterentwicklung.<\/li>\n<\/ul>\n<p><strong>Unsere Anforderungen:<\/strong><\/p>\n<ul>\n<li>Abgeschlossene Ausbildung als Physiotherapeut\/in.<\/li>\n<li>Eigenst\u00e4ndige und verantwortungsbewusste Arbeitsweise.<\/li>\n<li>W\u00fcnschenswerte Kenntnisse in Lymphdrainage und manueller Therapie.<\/li>\n<li>Teamgeist und Freude an der Arbeit mit Menschen.<\/li>\n<li>F\u00fchrerschein Klasse B.<\/li>\n<\/ul>\n<p><strong>Unser Angebot:<\/strong><\/p>\n<ul>\n<li>Eigener Firmenwagen f\u00fcr flexible Eins\u00e4tze.<\/li>\n<li>Attraktive \u00fcbertarifliche Bezahlung.<\/li>\n<li>Angenehmes Arbeitsumfeld in einem famili\u00e4ren Team.<\/li>\n<li>Regelm\u00e4\u00dfige Weiterbildungen und Schulungen.<\/li>\n<\/ul>\n<p>Wir freuen uns auf deine aussagekr\u00e4ftige Bewerbung an info@eyrapflege.de.<i>Hinweis: <\/i><\/p>\n<p><i>Aus Gr\u00fcnden der besseren Lesbarkeit wurde auf die gleichzeitige Verwendung m\u00e4nnlicher und weiblicher Sprachformen verzichtet. S\u00e4mtliche Personenbezeichnungen gelten gleicherma\u00dfen f\u00fcr alle Geschlechter.<\/i><\/p>\n<\/div>\n<\/div>\n<p>[\/vc_column_text][\/vc_tta_section][\/vc_tta_accordion][\/vc_column][\/vc_row]<\/p>\n<\/section>","protected":false},"excerpt":{"rendered":"<p>[vc_row full_width=&#8220;stretch_row&#8220; inverse=&#8220;&#8220; css=&#8220;.vc_custom_1702473135843{margin-bottom: 3.9rem !important;padding-top: 3.9rem !important;background-image: url(https:\/\/eyrapflege.de\/wp-content\/uploads\/2023\/12\/eyra-team-scaled.jpg?id=1831) !important;background-position: center !important;background-repeat: no-repeat !important;background-size: cover !important;}&#8220;][vc_column][\/vc_column][\/vc_row][vc_row][vc_column][vc_column_text] Wir sind ein erfahrenes Team von rund 40 Mitarbeitern und bieten vielf\u00e4ltige ambulante Pflegedienstleistungen, Krankenfahrten und zuk\u00fcnftig auch Physiotherapie f\u00fcr unsere Klienten an. Der Einsatzbereich bel\u00e4uft sich auf den Raum Wriezen, Bad Freienwalde und dem Oderbruch. In unserem famili\u00e4ren [&hellip;]<\/p>\n","protected":false},"author":1,"featured_media":0,"parent":0,"menu_order":0,"comment_status":"closed","ping_status":"closed","template":"","meta":{"footnotes":""},"_links":{"self":[{"href":"https:\/\/eyrapflege.de\/index.php?rest_route=\/wp\/v2\/pages\/1829"}],"collection":[{"href":"https:\/\/eyrapflege.de\/index.php?rest_route=\/wp\/v2\/pages"}],"about":[{"href":"https:\/\/eyrapflege.de\/index.php?rest_route=\/wp\/v2\/types\/page"}],"author":[{"embeddable":true,"href":"https:\/\/eyrapflege.de\/index.php?rest_route=\/wp\/v2\/users\/1"}],"replies":[{"embeddable":true,"href":"https:\/\/eyrapflege.de\/index.php?rest_route=%2Fwp%2Fv2%2Fcomments&post=1829"}],"version-history":[{"count":24,"href":"https:\/\/eyrapflege.de\/index.php?rest_route=\/wp\/v2\/pages\/1829\/revisions"}],"predecessor-version":[{"id":1861,"href":"https:\/\/eyrapflege.de\/index.php?rest_route=\/wp\/v2\/pages\/1829\/revisions\/1861"}],"wp:attachment":[{"href":"https:\/\/eyrapflege.de\/index.php?rest_route=%2Fwp%2Fv2%2Fmedia&parent=1829"}],"curies":[{"name":"wp","href":"https:\/\/api.w.org\/{rel}","templated":true}]}}