{"id":1783,"date":"2023-10-16T10:42:37","date_gmt":"2023-10-16T08:42:37","guid":{"rendered":"https:\/\/eyrapflege.de\/?page_id=1783"},"modified":"2023-10-19T10:32:04","modified_gmt":"2023-10-19T08:32:04","slug":"eyra-fahrdienst","status":"publish","type":"page","link":"https:\/\/eyrapflege.de\/?page_id=1783","title":{"rendered":"EYRA Fahrdienst"},"content":{"rendered":"\r\n<figure class=\"wp-block-image size-large\"><img decoding=\"async\" loading=\"lazy\" width=\"1024\" height=\"453\" class=\"wp-image-1784\" src=\"https:\/\/eyrapflege.de\/wp-content\/uploads\/2023\/10\/eyra-fahrdienst-1024x453.jpg\" alt=\"\" srcset=\"https:\/\/eyrapflege.de\/wp-content\/uploads\/2023\/10\/eyra-fahrdienst-1024x453.jpg 1024w, https:\/\/eyrapflege.de\/wp-content\/uploads\/2023\/10\/eyra-fahrdienst-300x133.jpg 300w, https:\/\/eyrapflege.de\/wp-content\/uploads\/2023\/10\/eyra-fahrdienst-768x340.jpg 768w, https:\/\/eyrapflege.de\/wp-content\/uploads\/2023\/10\/eyra-fahrdienst-370x164.jpg 370w, https:\/\/eyrapflege.de\/wp-content\/uploads\/2023\/10\/eyra-fahrdienst.jpg 1280w\" sizes=\"(max-width: 1024px) 100vw, 1024px\" \/><\/figure>\r\n\r\n\r\n\r\n<h2 class=\"wp-block-heading\">Wir bewegen Sie &#8211; Ihr zuverl\u00e4ssiger Fahrdienst<\/h2>\r\n\r\n\r\n\r\n<p>Wir bieten Ihnen folge Fahrtm\u00f6glichkeiten an:<\/p>\r\n\r\n\r\n\r\n<ul>\r\n<li>Arztbesuche<\/li>\r\n\r\n\r\n\r\n<li>Krankenhaustermine<\/li>\r\n\r\n\r\n\r\n<li>Dialsyse- oder Therapiefahrten<\/li>\r\n\r\n\r\n\r\n<li>sonstige medizinische Anwendungen<\/li>\r\n\r\n\r\n\r\n<li>Termine bei Beh\u00f6rden<\/li>\r\n\r\n\r\n\r\n<li>Veranstaltungen oder Feierlichkeiten<\/li>\r\n\r\n\r\n\r\n<li>Besorgungen oder Eink\u00e4ufe<\/li>\r\n\r\n\r\n\r\n<li>regelm\u00e4\u00dfige Schulfahrten (z.B. zu F\u00f6rder- und Sonderschulen)<\/li>\r\n\r\n\r\n\r\n<li>Rollstuhlfahrten<\/li>\r\n<\/ul>\r\n\r\n\r\n\r\n<p>Wir verstehen, dass Mobilit\u00e4t ein wichtiger Bestandteil des Lebens ist. Daher sind wir stolz darauf, unseren Fahrdienst anzubieten, der auf Ihre Transportbed\u00fcrnisse eingeht und Ihnen vertrauensvoll die Hand reicht. Unser EYRA Fahrdienst bietet einen verl\u00e4sslichen Transport und emphatische Begleitung, um Ihren Weg so angenehm wie m\u00f6glich zu gestalten. Bei uns steht Ihr Wohlbefinden an erster Stelle.<\/p>\r\n\r\n\r\n\r\n<div class=\"wp-block-columns is-layout-flex wp-container-3 wp-block-columns-is-layout-flex\">\r\n<figure class=\"wp-block-image size-large is-layout-flow wp-block-column-is-layout-flow\"><\/figure>\r\n\r\n\r\n\r\n<div class=\"wp-block-column is-layout-flow wp-block-column-is-layout-flow\">\r\n<p>&nbsp;<\/p>\r\n<p class=\"has-text-align-center\"><strong>EYRA Fahrdienst GmbH<\/strong><br \/>Heinrich-Lehmpuhl-Str. 26<br \/>16269 Wriezen<br \/><br \/>\u00d6ffnungszeiten:<br \/>Mo.-Fr. von 08:00 &#8211; 16:30 Uhr<br \/>sowie nach telefonischer Vereinbarung<\/p>\r\n<\/div>\r\n<\/div>\r\n","protected":false},"excerpt":{"rendered":"<p>Wir bewegen Sie &#8211; Ihr zuverl\u00e4ssiger Fahrdienst Wir bieten Ihnen folge Fahrtm\u00f6glichkeiten an: Wir verstehen, dass Mobilit\u00e4t ein wichtiger Bestandteil des Lebens ist. Daher sind wir stolz darauf, unseren Fahrdienst anzubieten, der auf Ihre Transportbed\u00fcrnisse eingeht und Ihnen vertrauensvoll die Hand reicht. Unser EYRA Fahrdienst bietet einen verl\u00e4sslichen Transport und emphatische Begleitung, um Ihren Weg [&hellip;]<\/p>\n","protected":false},"author":1,"featured_media":0,"parent":0,"menu_order":0,"comment_status":"closed","ping_status":"closed","template":"","meta":{"footnotes":""},"_links":{"self":[{"href":"https:\/\/eyrapflege.de\/index.php?rest_route=\/wp\/v2\/pages\/1783"}],"collection":[{"href":"https:\/\/eyrapflege.de\/index.php?rest_route=\/wp\/v2\/pages"}],"about":[{"href":"https:\/\/eyrapflege.de\/index.php?rest_route=\/wp\/v2\/types\/page"}],"author":[{"embeddable":true,"href":"https:\/\/eyrapflege.de\/index.php?rest_route=\/wp\/v2\/users\/1"}],"replies":[{"embeddable":true,"href":"https:\/\/eyrapflege.de\/index.php?rest_route=%2Fwp%2Fv2%2Fcomments&post=1783"}],"version-history":[{"count":3,"href":"https:\/\/eyrapflege.de\/index.php?rest_route=\/wp\/v2\/pages\/1783\/revisions"}],"predecessor-version":[{"id":1811,"href":"https:\/\/eyrapflege.de\/index.php?rest_route=\/wp\/v2\/pages\/1783\/revisions\/1811"}],"wp:attachment":[{"href":"https:\/\/eyrapflege.de\/index.php?rest_route=%2Fwp%2Fv2%2Fmedia&parent=1783"}],"curies":[{"name":"wp","href":"https:\/\/api.w.org\/{rel}","templated":true}]}}