{"id":137,"date":"2016-02-08T14:02:50","date_gmt":"2016-02-08T14:02:50","guid":{"rendered":"http:\/\/scientific.dv.ancorathemes.com\/?page_id=137"},"modified":"2024-01-24T14:07:14","modified_gmt":"2024-01-24T13:07:14","slug":"home","status":"publish","type":"page","link":"https:\/\/eyrapflege.de\/","title":{"rendered":"Home"},"content":{"rendered":"<section class=\"wpb-content-wrapper\"><p>[vc_row css=&#8220;.vc_custom_1457706045103{margin-top: 5.2rem !important;}&#8220;][vc_column]<div id=\"sc_services_601249439_wrap\" class=\"sc_services_wrap\"><div id=\"sc_services_601249439\" class=\"sc_services sc_services_style_services-1 sc_services_type_icons \" style=\"width:100%;\"><h6 class=\"sc_services_subtitle sc_item_subtitle\">Unsere Pflegedienstleistungen<\/h6><h2 class=\"sc_services_title sc_item_title\">Mit heilender und unterst\u00fctzender Hand wollen wir Ihnen wieder zu mehr Selbstst\u00e4ndigkeit im Alltag verhelfen.<\/h2><div class=\"sc_columns columns_wrap\"><div class=\"column-1_4 column_padding_bottom\">\t\t\t<div id=\"sc_services_601249439_1\"\t\t\t\tclass=\"sc_services_item sc_services_item_1 odd first\"\n\t\t\t\t>\n\t\t\t\t<a href=\"https:\/\/eyrapflege.de\/?services=home-care\"><span class=\"sc_icon icon-icon1_1\"><\/span><\/a>\t\t\t\t<div class=\"sc_services_item_content\">\n\t\t\t\t\t<h4 class=\"sc_services_item_title\"><a href=\"https:\/\/eyrapflege.de\/?services=home-care\">H\u00e4usliche Pflegehilfe<\/a><\/h4>\n\t\t\t\t\t<div class=\"sc_services_item_description\">\n\t\t\t\t\t\t<p>Wir unterst\u00fctzen Sie in ihrer gewohnten Umgebung<\/p>\t\t\t\t\t<\/div>\n\t\t\t\t<\/div>\n\t\t\t<\/div>\n\t\t<\/div><div class=\"column-1_4 column_padding_bottom\">\t\t\t<div id=\"sc_services_601249439_2\"\t\t\t\tclass=\"sc_services_item sc_services_item_2 even\"\n\t\t\t\t>\n\t\t\t\t<a href=\"https:\/\/eyrapflege.de\/?services=care-services\"><span class=\"sc_icon icon-icon2_1\"><\/span><\/a>\t\t\t\t<div class=\"sc_services_item_content\">\n\t\t\t\t\t<h4 class=\"sc_services_item_title\"><a href=\"https:\/\/eyrapflege.de\/?services=care-services\">Entlastungsdienstleistung<\/a><\/h4>\n\t\t\t\t\t<div class=\"sc_services_item_description\">\n\t\t\t\t\t\t<p>Wir erleichtern und entlasten Ihren Alltag<\/p>\t\t\t\t\t<\/div>\n\t\t\t\t<\/div>\n\t\t\t<\/div>\n\t\t<\/div><div class=\"column-1_4 column_padding_bottom\">\t\t\t<div id=\"sc_services_601249439_3\"\t\t\t\tclass=\"sc_services_item sc_services_item_3 odd\"\n\t\t\t\t>\n\t\t\t\t<a href=\"https:\/\/eyrapflege.de\/?services=medical-escort\"><span class=\"sc_icon icon-icon3_1\"><\/span><\/a>\t\t\t\t<div class=\"sc_services_item_content\">\n\t\t\t\t\t<h4 class=\"sc_services_item_title\"><a href=\"https:\/\/eyrapflege.de\/?services=medical-escort\">Behandlungspflege<\/a><\/h4>\n\t\t\t\t\t<div class=\"sc_services_item_description\">\n\t\t\t\t\t\t<p>Medizinische Versorgung in vertrauter Umgebung<\/p>\t\t\t\t\t<\/div>\n\t\t\t\t<\/div>\n\t\t\t<\/div>\n\t\t<\/div><div class=\"column-1_4 column_padding_bottom\">\t\t\t<div id=\"sc_services_601249439_4\"\t\t\t\tclass=\"sc_services_item sc_services_item_4 even\"\n\t\t\t\t>\n\t\t\t\t<a href=\"https:\/\/eyrapflege.de\/?services=caregiver-jobs\"><span class=\"sc_icon icon-icon4_1\"><\/span><\/a>\t\t\t\t<div class=\"sc_services_item_content\">\n\t\t\t\t\t<h4 class=\"sc_services_item_title\"><a href=\"https:\/\/eyrapflege.de\/?services=caregiver-jobs\">Ambulante Palliativversorgung<\/a><\/h4>\n\t\t\t\t\t<div class=\"sc_services_item_description\">\n\t\t\t\t\t\t<p>F\u00fcrsorgliche Begleitung in der letzten Lebensphase<\/p>\t\t\t\t\t<\/div>\n\t\t\t\t<\/div>\n\t\t\t<\/div>\n\t\t<\/div><\/div><\/div><!-- \/.sc_services --><\/div><!-- \/.sc_services_wrap -->[\/vc_column][\/vc_row][vc_row full_width=&#8220;stretch_row&#8220; inverse=&#8220;&#8220; css=&#8220;.vc_custom_1706098790477{margin-top: 4.9rem !important;padding-top: 9rem !important;padding-bottom: 8.5rem !important;background-image: url(https:\/\/eyrapflege.de\/wp-content\/uploads\/2024\/01\/iStock-1157123157-eyra-pflegedienst.jpg?id=1882) !important;background-position: center !important;background-repeat: no-repeat !important;background-size: cover !important;}&#8220;][vc_column width=&#8220;1\/2&#8243;]<div class=\"sc_section sc_section_block \"><div class=\"sc_section_inner\"><div class=\"sc_section_content_wrap\"><h3 class=\"sc_title sc_title_regular\">Unsere Arbeit<\/h3>[vc_column_text css=&#8220;.vc_custom_1706101628968{margin-top: 2.2rem !important;margin-bottom: 3.2rem !important;}&#8220;]Der Pflegedienst, der Fahrdienst und die Physiotherapie sind drei starke Partner, die gemeinsam in Wriezen, Bad Freienwalde und im Oderbruch f\u00fcr Sie da sind. Unser Anliegen ist es, Ihnen die bestm\u00f6gliche Unterst\u00fctzung f\u00fcr Ihren Alltag und Ihre Gesundheit zu bieten und Ihnen somit ein erf\u00fclltes Leben zu erm\u00f6glichen. Der ambulante Pflegedienst versorgt Sie umfassend in Ihrem Zuhause, w\u00e4hrend der Fahrdienst Ihnen Mobilit\u00e4t und Freiheit schenkt. Die EYRA Physiotherapie erg\u00e4nzt unser Angebot, indem sie gezielte Behandlungen und mehr Vitalit\u00e4t f\u00fcr Ihren K\u00f6rper bereith\u00e4lt. Unsere Dienstleistungsbereiche greifen ineinander und sind darauf ausgerichtet, auf Ihre individuellen Bed\u00fcrfnisse einzugehen.[\/vc_column_text]<a href=\"https:\/\/eyrapflege.de\/?page_id=613\" class=\"sc_button sc_button_square sc_button_style_filled sc_button_size_small\">Erfahre mehr<\/a><\/div><\/div><\/div>[\/vc_column][vc_column width=&#8220;1\/2&#8243;][\/vc_column][\/vc_row][vc_row full_width=&#8220;stretch_row&#8220; css=&#8220;.vc_custom_1457705148001{margin-top: 5.3rem !important;padding-top: 6.6rem !important;padding-bottom: 7.1rem !important;background-image: url(https:\/\/eyrapflege.de\/wp-content\/uploads\/2016\/02\/backgroung-3.png?id=994) !important;background-position: center !important;background-repeat: no-repeat !important;background-size: cover !important;}&#8220;][vc_column width=&#8220;1\/2&#8243;][\/vc_column][vc_column width=&#8220;1\/2&#8243;]<div class=\"sc_section sc_section_block \"><div class=\"sc_section_inner\"><div class=\"sc_section_content_wrap\"><h2 class=\"sc_title sc_title_regular sc_align_left\" style=\"text-align:left;\">Suchen Sie Rat?<\/h2><h6 class=\"sc_title sc_title_underline sc_align_left margin_bottom_large\" style=\"text-align:left;\">Kontaktieren Sie uns gern! Wir versuchen schnellstm\u00f6glich eine L\u00f6sung mit Ihnen zu finden.<\/h6>\n<div class=\"wpcf7 no-js\" id=\"wpcf7-f1416-o1\" lang=\"en-US\" dir=\"ltr\">\n<div class=\"screen-reader-response\"><p role=\"status\" aria-live=\"polite\" aria-atomic=\"true\"><\/p> <ul><\/ul><\/div>\n<form action=\"\/index.php?rest_route=%2Fwp%2Fv2%2Fpages%2F137#wpcf7-f1416-o1\" method=\"post\" class=\"wpcf7-form init\" aria-label=\"Contact form\" novalidate=\"novalidate\" data-status=\"init\">\n<div style=\"display: none;\">\n<input type=\"hidden\" name=\"_wpcf7\" value=\"1416\" \/>\n<input type=\"hidden\" name=\"_wpcf7_version\" value=\"5.9.8\" \/>\n<input type=\"hidden\" name=\"_wpcf7_locale\" value=\"en_US\" \/>\n<input type=\"hidden\" name=\"_wpcf7_unit_tag\" value=\"wpcf7-f1416-o1\" \/>\n<input type=\"hidden\" name=\"_wpcf7_container_post\" value=\"0\" \/>\n<input type=\"hidden\" name=\"_wpcf7_posted_data_hash\" value=\"\" \/>\n<\/div>\n<div class=\"flex\">\n<div class='itm row' ><span class=\"wpcf7-form-control-wrap\" data-name=\"your-name\"><input size=\"40\" maxlength=\"400\" class=\"wpcf7-form-control wpcf7-text wpcf7-validates-as-required\" aria-required=\"true\" aria-invalid=\"false\" placeholder=\"Name*\" value=\"\" type=\"text\" name=\"your-name\" \/><\/span><\/div>\n \n<div class='itm row'><span class=\"wpcf7-form-control-wrap\" data-name=\"your-email\"><input size=\"40\" maxlength=\"400\" class=\"wpcf7-form-control wpcf7-email wpcf7-validates-as-required wpcf7-text wpcf7-validates-as-email\" aria-required=\"true\" aria-invalid=\"false\" placeholder=\"E-mail*\" value=\"\" type=\"email\" name=\"your-email\" \/><\/span><\/div><\/div>\n \n<span class=\"wpcf7-form-control-wrap\" data-name=\"your-message\"><textarea cols=\"40\" rows=\"10\" maxlength=\"2000\" class=\"wpcf7-form-control wpcf7-textarea wpcf7-validates-as-required\" aria-required=\"true\" aria-invalid=\"false\" placeholder=\"Nachricht*\" name=\"your-message\"><\/textarea><\/span>\n<span class=\"wpcf7-form-control-wrap\" data-name=\"acceptance-157\"><span class=\"wpcf7-form-control wpcf7-acceptance\"><span class=\"wpcf7-list-item\"><label><input type=\"checkbox\" name=\"acceptance-157\" value=\"1\" aria-invalid=\"false\" \/><span class=\"wpcf7-list-item-label\">Ich stimme zu, dass meine \u00fcbermittelten Daten erhoben und gespeichert werden.<\/span><\/label><\/span><\/span><\/span>\n \n<div class=\"bt\"><input class=\"wpcf7-form-control wpcf7-submit has-spinner\" type=\"submit\" value=\"Nachricht senden\" \/><\/div><p style=\"display: none !important;\" class=\"akismet-fields-container\" data-prefix=\"_wpcf7_ak_\"><label>&#916;<textarea name=\"_wpcf7_ak_hp_textarea\" cols=\"45\" rows=\"8\" maxlength=\"100\"><\/textarea><\/label><input type=\"hidden\" id=\"ak_js_1\" name=\"_wpcf7_ak_js\" value=\"109\"\/><script type=\"text\/javascript\">\ndocument.getElementById( \"ak_js_1\" ).setAttribute( \"value\", ( new Date() ).getTime() );\n<\/script>\n<\/p><div class=\"wpcf7-response-output\" aria-hidden=\"true\"><\/div>\n<\/form>\n<\/div>\n<\/div><\/div><\/div>[\/vc_column][\/vc_row][vc_row full_width=&#8220;stretch_row&#8220; inverse=&#8220;&#8220; css=&#8220;.vc_custom_1457107898900{padding-top: 3.9rem !important;padding-bottom: 3.9rem !important;background-image: url(https:\/\/eyrapflege.de\/wp-content\/uploads\/2016\/03\/backgroung-1.png?id=951) !important;background-position: center !important;background-repeat: no-repeat !important;background-size: cover !important;}&#8220;][vc_column]<div id=\"sc_call_to_action_1655140162\" class=\"sc_call_to_action sc_call_to_action_inverse sc_call_to_action_style_2 sc_call_to_action_align_left\" style=\"width:100%;\"><div class=\"columns_wrap\"><div class=\"sc_call_to_action_info column-3_4\"><h2 class=\"sc_call_to_action_title sc_item_title\">Wir sind f\u00fcr Sie da. Wir verstehen Sie.<\/h2><div class=\"sc_call_to_action_descr sc_item_descr\">Rufen Sie uns jederzeit an, wir suchen gemeinsam mit Ihnen nach L\u00f6sungen!<\/div><\/div><div class=\"sc_call_to_action_buttons sc_item_buttons column-1_4\"><div class=\"sc_call_to_action_button sc_item_button\"><a href=\"\/?page_id=616\/\" class=\"sc_button sc_button_square sc_button_style_filled sc_button_size_small\">Kontaktieren Sie uns!<\/a><\/div><\/div><\/div><\/div>[\/vc_column][\/vc_row]<\/p>\n<\/section>","protected":false},"excerpt":{"rendered":"<p>[vc_row css=&#8220;.vc_custom_1457706045103{margin-top: 5.2rem !important;}&#8220;][vc_column][\/vc_column][\/vc_row][vc_row full_width=&#8220;stretch_row&#8220; inverse=&#8220;&#8220; css=&#8220;.vc_custom_1706098790477{margin-top: 4.9rem !important;padding-top: 9rem !important;padding-bottom: 8.5rem !important;background-image: url(https:\/\/eyrapflege.de\/wp-content\/uploads\/2024\/01\/iStock-1157123157-eyra-pflegedienst.jpg?id=1882) !important;background-position: center !important;background-repeat: no-repeat !important;background-size: cover !important;}&#8220;][vc_column width=&#8220;1\/2&#8243;][\/vc_column][vc_column width=&#8220;1\/2&#8243;][\/vc_column][\/vc_row][vc_row full_width=&#8220;stretch_row&#8220; css=&#8220;.vc_custom_1457705148001{margin-top: 5.3rem !important;padding-top: 6.6rem !important;padding-bottom: 7.1rem !important;background-image: url(https:\/\/eyrapflege.de\/wp-content\/uploads\/2016\/02\/backgroung-3.png?id=994) !important;background-position: center !important;background-repeat: no-repeat !important;background-size: cover !important;}&#8220;][vc_column width=&#8220;1\/2&#8243;][\/vc_column][vc_column width=&#8220;1\/2&#8243;][\/vc_column][\/vc_row][vc_row full_width=&#8220;stretch_row&#8220; inverse=&#8220;&#8220; css=&#8220;.vc_custom_1457107898900{padding-top: 3.9rem !important;padding-bottom: 3.9rem !important;background-image: url(https:\/\/eyrapflege.de\/wp-content\/uploads\/2016\/03\/backgroung-1.png?id=951) !important;background-position: center !important;background-repeat: no-repeat !important;background-size: cover [&hellip;]<\/p>\n","protected":false},"author":2,"featured_media":0,"parent":0,"menu_order":0,"comment_status":"closed","ping_status":"closed","template":"","meta":{"footnotes":""},"_links":{"self":[{"href":"https:\/\/eyrapflege.de\/index.php?rest_route=\/wp\/v2\/pages\/137"}],"collection":[{"href":"https:\/\/eyrapflege.de\/index.php?rest_route=\/wp\/v2\/pages"}],"about":[{"href":"https:\/\/eyrapflege.de\/index.php?rest_route=\/wp\/v2\/types\/page"}],"author":[{"embeddable":true,"href":"https:\/\/eyrapflege.de\/index.php?rest_route=\/wp\/v2\/users\/2"}],"replies":[{"embeddable":true,"href":"https:\/\/eyrapflege.de\/index.php?rest_route=%2Fwp%2Fv2%2Fcomments&post=137"}],"version-history":[{"count":20,"href":"https:\/\/eyrapflege.de\/index.php?rest_route=\/wp\/v2\/pages\/137\/revisions"}],"predecessor-version":[{"id":1891,"href":"https:\/\/eyrapflege.de\/index.php?rest_route=\/wp\/v2\/pages\/137\/revisions\/1891"}],"wp:attachment":[{"href":"https:\/\/eyrapflege.de\/index.php?rest_route=%2Fwp%2Fv2%2Fmedia&parent=137"}],"curies":[{"name":"wp","href":"https:\/\/api.w.org\/{rel}","templated":true}]}}